{"id":581,"date":"2016-09-30T15:44:13","date_gmt":"2016-09-30T13:44:13","guid":{"rendered":"http:\/\/remaes.de\/?page_id=581"},"modified":"2025-07-17T21:42:30","modified_gmt":"2025-07-17T19:42:30","slug":"imprint-de","status":"publish","type":"page","link":"https:\/\/remaes.de\/ar\/imprint-de\/","title":{"rendered":"Imprint"},"content":{"rendered":"\n<style type=\"text\/css\" data-created_by=\"avia_inline_auto\" id=\"style-css-av-2jnvz1-5c8c0af2eb664296a7bc40d64e191cc0\">\n.avia-section.av-2jnvz1-5c8c0af2eb664296a7bc40d64e191cc0 .av-parallax .av-parallax-inner{\nbackground-repeat:no-repeat;\nbackground-image:url(https:\/\/remaes.de\/wp-content\/uploads\/2016\/09\/Office.jpg);\nbackground-position:50% 50%;\nbackground-attachment:scroll;\n}\n.avia-section.av-2jnvz1-5c8c0af2eb664296a7bc40d64e191cc0 .av-section-color-overlay{\nopacity:0.5;\nbackground-image:url(https:\/\/remaes.de\/wp-content\/themes\/enfold\/images\/background-images\/dots-mini-light.png);\nbackground-repeat:repeat;\n}\n<\/style>\n<div id='av_section_1'  class='avia-section av-2jnvz1-5c8c0af2eb664296a7bc40d64e191cc0 main_color avia-section-default avia-no-shadow  avia-builder-el-0  el_before_av_section  avia-builder-el-first  av-parallax-section avia-bg-style-parallax av-section-color-overlay-active container_wrap fullsize'  data-section-bg-repeat='no-repeat'><div class='av-parallax' data-avia-parallax-ratio='0.3' ><div class='av-parallax-inner main_color avia-full-stretch'><\/div><\/div><div class=\"av-section-color-overlay-wrap\"><div class=\"av-section-color-overlay\"><\/div><div class='container av-section-cont-open' ><main  role=\"main\" itemprop=\"mainContentOfPage\"  class='template-page content  av-content-full alpha units'><div class='post-entry post-entry-type-page post-entry-581'><div class='entry-content-wrapper clearfix'>\n<\/div><\/div><\/main><!-- close content main element --><\/div><\/div><\/div>\n<style type=\"text\/css\" data-created_by=\"avia_inline_auto\" id=\"style-css-av-2euigl-cb69e0462ad61fa641e3336301e9375b\">\n.avia-section.av-2euigl-cb69e0462ad61fa641e3336301e9375b{\nbackground-color:#83a846;\nbackground-image:unset;\n}\n.avia-section.av-2euigl-cb69e0462ad61fa641e3336301e9375b .av-section-color-overlay{\nopacity:0.5;\nbackground-image:url(https:\/\/remaes.de\/wp-content\/themes\/enfold\/images\/background-images\/dots-mini-light.png);\nbackground-repeat:repeat;\n}\n<\/style>\n<div id='av_section_2'  class='avia-section av-2euigl-cb69e0462ad61fa641e3336301e9375b main_color avia-section-default avia-no-border-styling  avia-builder-el-1  el_after_av_section  el_before_av_textblock  avia-bg-style-scroll av-section-color-overlay-active container_wrap fullsize'  ><div class=\"av-section-color-overlay-wrap\"><div class=\"av-section-color-overlay\"><\/div><div class='container av-section-cont-open' ><div class='template-page content  av-content-full alpha units'><div class='post-entry post-entry-type-page post-entry-581'><div class='entry-content-wrapper clearfix'>\n<div  class='flex_column av-2a3pjh-8bccde3c7a520adc5db27ad2cfd863e0 av_one_third  avia-builder-el-2  el_before_av_one_third  avia-builder-el-first  first flex_column_div  '     ><style type=\"text\/css\" data-created_by=\"avia_inline_auto\" id=\"style-css-av-22lyw5-6de50102b200327f0b6c223d90ff20d5\">\n#top .av_textblock_section.av-22lyw5-6de50102b200327f0b6c223d90ff20d5 .avia_textblock{\nfont-size:13px;\n}\n<\/style>\n<section  class='av_textblock_section av-22lyw5-6de50102b200327f0b6c223d90ff20d5 '   itemscope=\"itemscope\" itemtype=\"https:\/\/schema.org\/CreativeWork\" ><div class='avia_textblock'  itemprop=\"text\" ><h3><span style=\"color: #495057;\">Impressum<\/span><\/h3>\n<h3><\/h3>\n<p><span style=\"color: #ffffff;\">REMAES GmbH<\/span><br \/>\n<span style=\"color: #ffffff;\"> Schwanenwik 14 <\/span><br \/>\n<span style=\"color: #ffffff;\"> 22087 Hamburg<\/span><\/p>\n<\/div><\/section><\/div><div  class='flex_column av-6q61h-8368220e527d5eb19a5b4b4d9c452e18 av_one_third  avia-builder-el-4  el_after_av_one_third  el_before_av_one_third  flex_column_div  '     ><style type=\"text\/css\" data-created_by=\"avia_inline_auto\" id=\"style-css-av-1shpgt-1f5c382256901a7c4fce31ca73e7690d\">\n#top .av_textblock_section.av-1shpgt-1f5c382256901a7c4fce31ca73e7690d .avia_textblock{\nfont-size:13px;\n}\n<\/style>\n<section  class='av_textblock_section av-1shpgt-1f5c382256901a7c4fce31ca73e7690d '   itemscope=\"itemscope\" itemtype=\"https:\/\/schema.org\/CreativeWork\" ><div class='avia_textblock'  itemprop=\"text\" ><h3><span style=\"color: #495057;\">Gesch\u00e4ftsf\u00fchrer:<\/span><\/h3>\n<h3><\/h3>\n<p><span style=\"color: #ffffff;\">Raoof Sarhan<\/span><\/p>\n<\/div><\/section><\/div><div  class='flex_column av-5nsv9-4cc3cbe32c812bac3679aa773b37c9bb av_one_third  avia-builder-el-6  el_after_av_one_third  el_before_av_one_third  flex_column_div  '     ><style type=\"text\/css\" data-created_by=\"avia_inline_auto\" id=\"style-css-av-hhb1-f6c58f4b014f371b68f90e9250571a9b\">\n#top .av_textblock_section.av-hhb1-f6c58f4b014f371b68f90e9250571a9b .avia_textblock{\nfont-size:13px;\n}\n<\/style>\n<section  class='av_textblock_section av-hhb1-f6c58f4b014f371b68f90e9250571a9b '   itemscope=\"itemscope\" itemtype=\"https:\/\/schema.org\/CreativeWork\" ><div class='avia_textblock'  itemprop=\"text\" ><h3><span style=\"color: #495057;\">Kontakt:<\/span><\/h3>\n<h3><\/h3>\n<p><span style=\"color: #ffffff;\">Telefon: +49 40 84209021<\/span><br \/>\n<span style=\"color: #ffffff;\">Fax: +49 40 57248303<\/span><br \/>\n<span style=\"color: #ffffff;\">E-Mail: info@remaes.de<\/span><\/p>\n<\/div><\/section><\/div><div  class='flex_column av-17qa25-d761d0f1df2628bd38fcf75f48b00e04 av_one_third  avia-builder-el-8  el_after_av_one_third  el_before_av_one_third  first flex_column_div  column-top-margin'     ><style type=\"text\/css\" data-created_by=\"avia_inline_auto\" id=\"style-css-av-11rslx-86ec812845d362012f5a8fd7e5c58fcb\">\n#top .av_textblock_section.av-11rslx-86ec812845d362012f5a8fd7e5c58fcb .avia_textblock{\nfont-size:13px;\n}\n<\/style>\n<section  class='av_textblock_section av-11rslx-86ec812845d362012f5a8fd7e5c58fcb '   itemscope=\"itemscope\" itemtype=\"https:\/\/schema.org\/CreativeWork\" ><div class='avia_textblock'  itemprop=\"text\" ><h3><span style=\"color: #495057;\">Registereintrag:<\/span><\/h3>\n<h3><\/h3>\n<h3><\/h3>\n<p><span style=\"color: #ffffff;\">Amtsgericht Hamburg<\/span><br \/>\n<span style=\"color: #ffffff;\">Registernummer: HRB 120100<\/span><\/p>\n<\/div><\/section><\/div><div  class='flex_column av-xbg8d-563a2b20b0c0c4e5df654355d691dd60 av_one_third  avia-builder-el-10  el_after_av_one_third  el_before_av_one_third  flex_column_div  column-top-margin'     ><style type=\"text\/css\" data-created_by=\"avia_inline_auto\" id=\"style-css-av-s7ibh-6d4dd9f66c49602f067d00e56103ba70\">\n#top .av_textblock_section.av-s7ibh-6d4dd9f66c49602f067d00e56103ba70 .avia_textblock{\nfont-size:13px;\n}\n<\/style>\n<section  class='av_textblock_section av-s7ibh-6d4dd9f66c49602f067d00e56103ba70 '   itemscope=\"itemscope\" itemtype=\"https:\/\/schema.org\/CreativeWork\" ><div class='avia_textblock'  itemprop=\"text\" ><h3><span style=\"color: #495057;\">Umsatzsteuer-Identifikationsnummer:<\/span><\/h3>\n<p><span style=\"color: #ffffff;\">DE276245674<\/span><\/p>\n<\/div><\/section><\/div><div  class='flex_column av-msjst-6f97a09b94a2f37db2836e3aa7c3941e av_one_third  avia-builder-el-12  el_after_av_one_third  avia-builder-el-last  flex_column_div  column-top-margin'     ><style type=\"text\/css\" data-created_by=\"avia_inline_auto\" id=\"style-css-av-cwkzh-7ba31167d7a5cb244027fd9f42272f8a\">\n#top .av_textblock_section.av-cwkzh-7ba31167d7a5cb244027fd9f42272f8a .avia_textblock{\nfont-size:13px;\n}\n<\/style>\n<section  class='av_textblock_section av-cwkzh-7ba31167d7a5cb244027fd9f42272f8a '   itemscope=\"itemscope\" itemtype=\"https:\/\/schema.org\/CreativeWork\" ><div class='avia_textblock'  itemprop=\"text\" ><h3><span style=\"color: #495057;\">Aufsichtsbeh\u00f6rde:<\/span><\/h3>\n<p><span style=\"color: #ffffff;\"><br \/>\nBeh\u00f6rde f\u00fcr Gesundheit und Verbraucherschutz<br \/>\nBillstra\u00dfe 80<br \/>\n20539 Hamburg<br \/>\nwww.hamburg.de\/bgv<\/span><\/p>\n<\/div><\/section><\/div>\n<\/div><\/div><\/div><!-- close content main div --><\/div><\/div><\/div><div id='after_section_2'  class='main_color av_default_container_wrap container_wrap fullsize'  ><div class='container av-section-cont-open' ><div class='template-page content  av-content-full alpha units'><div class='post-entry post-entry-type-page post-entry-581'><div class='entry-content-wrapper clearfix'>\n<section  class='av_textblock_section av-aa3r1-527625661e08b625cb0c02e1e2d3eb0a '   itemscope=\"itemscope\" itemtype=\"https:\/\/schema.org\/CreativeWork\" ><div class='avia_textblock'  itemprop=\"text\" ><h3><span style=\"color: #495057;\">Nutzungsbedingungen\/Disclaimer<\/span><\/h3>\n<hr \/>\n<p>Diese Website ist Gegenstand der nachfolgenden Nutzungsbedingungen, die im Verh\u00e4ltnis zwischen dem Nutzer und der Remaes GmbH (nachfolgend: Remaes) mit dem Aufruf dieser Webseite vereinbart sind. Remaes beh\u00e4lt sich das Recht vor, diese Nutzungsbedingungen zu modifizieren, insbesondere um sie der technischen und rechtlichen Entwicklung anzupassen. Im Falle der Unwirksamkeit einzelner Regelungen dieser Nutzungs- vereinbarung bleibt die Wirksamkeit im \u00dcbrigen unber\u00fchrt. Soweit besondere Nutzungs- bedingungen gelten sollen, wird im jeweiligen Einzelfall darauf hingewiesen.<\/p>\n<h4><\/h4>\n<h4><span style=\"color: #495057;\">1. Inhalt der Website<\/span><\/h4>\n<p>Remaes hat die Inhalte dieser Website mit gr\u00f6\u00dfter Sorgfalt erstellt. Eine Gew\u00e4hr f\u00fcr die Richtigkeit, Vollst\u00e4ndigkeit oder Verf\u00fcgbarkeit der Inhalte wird jedoch nicht \u00fcbernommen. Als Diensteanbieter ist Remaes gem\u00e4\u00df \u00a7 7 Abs. 1 DDG (Digitale-Dienste-Gesetz) f\u00fcr eigene Inhalte auf dieser Website nach den allgemeinen Gesetzen verantwortlich. Nach \u00a7\u00a7 8 bis 10 DDG sind Diensteanbieter jedoch nicht verpflichtet, \u00fcbermittelte oder gespeicherte fremde Informationen zu \u00fcberwachen oder nach Umst\u00e4nden zu forschen, die auf eine rechtswidrige T\u00e4tigkeit hinweisen. Verpflichtungen zur Entfernung oder Sperrung der Nutzung von Informationen nach den allgemeinen Gesetzen bleiben hiervon unber\u00fchrt. Eine diesbez\u00fcgliche Haftung ist jedoch erst ab dem Zeitpunkt der Kenntnis einer konkreten Rechtsverletzung m\u00f6glich. Rechtsverletzende Inhalte werden bei Bekanntwerden umgehend beseitigt. Remaes kann jederzeit Ver\u00e4nderungen, Erg\u00e4nzungen oder L\u00f6schungen an den Inhalten auf dieser Website vornehmen oder den Betrieb dieser Website einstellen. F\u00fcr unbefugte Ver\u00e4nderungen durch Dritte haftet Remaes nicht.<\/p>\n<p>F\u00fcr Sch\u00e4den durch Pflichtverletzungen haftet Remaes allenfalls bei Vorsatz, grober Fahrl\u00e4ssigkeit, Fehlen einer garantierten Eigenschaft, im Fall einer gesetzlichen verschuldens- unabh\u00e4ngigen Haftung sowie im Fall der Verletzung des Lebens, des K\u00f6rpers oder der Gesundheit. F\u00fcr leichte Fahrl\u00e4ssigkeit haften Remaes, die gesetzlichen Vertreter und Erf\u00fcllungsgehilfen nur bei Verletzung einer wesentlichen Pflicht. Gegen\u00fcber Unternehmern ist die Haftung, au\u00dfer im Fall der Verletzung von Leben, K\u00f6rper oder Gesundheit oder der Verletzung wesentlicher Pflichten, auf den typischerweise vorhersehbaren Schaden begrenzt. Gesetzliche Haftungserleichterungen bleiben unber\u00fchrt.<\/p>\n<p>Alle Angebote auf dieser Website sind freibleibend und unverbindlich.<\/p>\n<h4><\/h4>\n<h4><span style=\"color: #495057;\">2. Verweise und Links<\/span><\/h4>\n<p>Verweise und Links auf Websites Dritter dienen nur der Zugangsvermittlung und bedeuten nicht, dass Remaes sich die Inhalte auf diesen Websites zu eigen machen. Remaes hat keinen Einfluss auf die hinter den Verweisen und Links liegenden Inhalte und kann deshalb keine Verantwortung f\u00fcr die dort bereit gehaltenen Daten und Informationen \u00fcbernehmen. Die V erantwortung tr\u00e4gt der jeweilige Anbieter oder Betreiber der Website. F\u00fcr rechtswidrige, fehlerhafte oder unvollst\u00e4ndige Inhalte und f\u00fcr Sch\u00e4den, die aufgrund der Nutzung solcher Inhalte verursacht werden, haftet Remaes daher nicht. Zum Zeitpunkt der von Remaes erstellten Verweise und Links waren rechtswidrige Inhalte auf den vermittelten Websites nicht erkennbar. Bei Bekanntwerden einer Rechtsverletzung werden die betreffenden Verweise und Links umgehend entfernt.<\/p>\n<div title=\"Page 2\">\n<h4><span style=\"color: #495057;\">3. Marken- und Urheberrecht<\/span><\/h4>\n<div>\n<div>\n<p>Die Website beinhaltet Daten und Informationen aller Art, die marken- und\/oder urheber- rechtlich zu Gunsten von Remaes oder im Einzelfall auch zugunsten Dritter gesch\u00fctzt sind. Es ist daher nicht gestattet, die Website im ganzen oder einzelne Teile davon herunterzuladen, zu vervielf\u00e4ltigen und zu verbreiten. Gestattet ist vor allem die technisch bedingte Vervielf\u00e4ltigung zum Zwecke des Browsing, soweit diese Handlung keinen wirtschaftlichen Zwecken dient, sowie die dauerhafte Vervielf\u00e4ltigung f\u00fcr den eigenen Gebrauch.<\/p>\n<p>Remaes hat sich bem\u00fcht, s\u00e4mtliche Rechte Dritter zu beachten. Sollten dennoch versehentlich Drittrechte verletzt worden sein, wird um entsprechenden Hinweis gebeten. Remaes wird die Rechtsverletzung dann umgehend beseitigen.<\/p>\n<h4><\/h4>\n<h4><span style=\"color: #495057;\">4. Datenschutz<\/span><\/h4>\n<p>Ihre Daten wird Remaes ausschlie\u00dflich gem\u00e4\u00df den Bestimmungen des deutschen Datenschutzrechts verwenden. Hiernach darf eine Verwendung personenbezogener Daten (z. B. Name, Anschrift, E-Mail-Adresse, Telefon- und Telefaxnummer, Bankverbindung) nur stattfinden, soweit dies zur Vertragsbegr\u00fcndung oder -gestaltung, Leistungserbringung oder Abrechnung erforderlich ist. In der Regel kann diese Website ohne die Angabe personenbezogener Daten genutzt werden. Sollte ausnahmsweise die M\u00f6glichkeit zur Mitteilung personenbezogener Daten bestehen, erfolgt diese Angabe stets freiwillig. Ohne Ihre ausdr\u00fcckliches Einverst\u00e4ndnis, werden personenbezogenen Daten nicht f\u00fcr Zwecke der Werbung, Marktforschung oder zur bedarfsgerechten Gestaltung von Telemedien verwendet.<\/p>\n<p>Remaes widerspricht einer Nutzung der im Impressum angegebenen Kontaktdaten zu Werbezwecken und beh\u00e4lt sich rechtliche Schritte bei Verst\u00f6\u00dfen vor.<\/p>\n<h4><\/h4>\n<h4><span style=\"color: #495057;\">5. Gerichtsstand\/Rechtsgeltung<\/span><\/h4>\n<p>Gerichtsstand ist, wenn der Vertragspartner Kaufmann, juristische Person des \u00f6ffentlichen Rechts oder \u00f6ffentlich-rechliches Sonderverm\u00f6gen ist, am Sitz von Remaes. Es gilt deutsches Recht unter Ausschluss des UN-Kaufrechts.<\/p>\n<\/div>\n<\/div>\n<\/div>\n<\/div><\/section>\n","protected":false},"excerpt":{"rendered":"","protected":false},"author":2,"featured_media":0,"parent":0,"menu_order":5,"comment_status":"closed","ping_status":"closed","template":"","meta":{"footnotes":""},"class_list":["post-581","page","type-page","status-publish","hentry"],"translation":{"provider":"WPGlobus","version":"3.0.2","language":"ar","enabled_languages":["en","ar"],"languages":{"en":{"title":true,"content":true,"excerpt":false},"ar":{"title":false,"content":false,"excerpt":false}}},"_links":{"self":[{"href":"https:\/\/remaes.de\/ar\/wp-json\/wp\/v2\/pages\/581","targetHints":{"allow":["GET"]}}],"collection":[{"href":"https:\/\/remaes.de\/ar\/wp-json\/wp\/v2\/pages"}],"about":[{"href":"https:\/\/remaes.de\/ar\/wp-json\/wp\/v2\/types\/page"}],"author":[{"embeddable":true,"href":"https:\/\/remaes.de\/ar\/wp-json\/wp\/v2\/users\/2"}],"replies":[{"embeddable":true,"href":"https:\/\/remaes.de\/ar\/wp-json\/wp\/v2\/comments?post=581"}],"version-history":[{"count":19,"href":"https:\/\/remaes.de\/ar\/wp-json\/wp\/v2\/pages\/581\/revisions"}],"predecessor-version":[{"id":1930,"href":"https:\/\/remaes.de\/ar\/wp-json\/wp\/v2\/pages\/581\/revisions\/1930"}],"wp:attachment":[{"href":"https:\/\/remaes.de\/ar\/wp-json\/wp\/v2\/media?parent=581"}],"curies":[{"name":"wp","href":"https:\/\/api.w.org\/{rel}","templated":true}]}}